{"id":4205,"date":"2026-02-11T16:18:53","date_gmt":"2026-02-11T15:18:53","guid":{"rendered":"https:\/\/bachipedia.freundbild.com\/projekt\/"},"modified":"2026-04-14T10:44:09","modified_gmt":"2026-04-14T08:44:09","slug":"proyecto","status":"publish","type":"page","link":"https:\/\/bachipedia.freundbild.com\/es\/proyecto\/","title":{"rendered":"Proyecto"},"content":{"rendered":"","protected":false},"excerpt":{"rendered":"<p>Un proyecto a largo plazo de la Fundaci\u00f3n J. S. Bach cuyo objetivo es acercar las obras vocales de Bach al p\u00fablico mediante conciertos, an\u00e1lisis y documentaci\u00f3n digital.<\/p>\n","protected":false},"author":2,"featured_media":4206,"parent":0,"menu_order":0,"comment_status":"closed","ping_status":"closed","template":"","meta":{"_acf_changed":false,"footnotes":""},"class_list":["post-4205","page","type-page","status-publish","has-post-thumbnail","hentry"],"acf":[],"_links":{"self":[{"href":"https:\/\/bachipedia.freundbild.com\/es\/wp-json\/wp\/v2\/pages\/4205","targetHints":{"allow":["GET"]}}],"collection":[{"href":"https:\/\/bachipedia.freundbild.com\/es\/wp-json\/wp\/v2\/pages"}],"about":[{"href":"https:\/\/bachipedia.freundbild.com\/es\/wp-json\/wp\/v2\/types\/page"}],"author":[{"embeddable":true,"href":"https:\/\/bachipedia.freundbild.com\/es\/wp-json\/wp\/v2\/users\/2"}],"replies":[{"embeddable":true,"href":"https:\/\/bachipedia.freundbild.com\/es\/wp-json\/wp\/v2\/comments?post=4205"}],"version-history":[{"count":6,"href":"https:\/\/bachipedia.freundbild.com\/es\/wp-json\/wp\/v2\/pages\/4205\/revisions"}],"predecessor-version":[{"id":4228,"href":"https:\/\/bachipedia.freundbild.com\/es\/wp-json\/wp\/v2\/pages\/4205\/revisions\/4228"}],"wp:featuredmedia":[{"embeddable":true,"href":"https:\/\/bachipedia.freundbild.com\/es\/wp-json\/wp\/v2\/media\/4206"}],"wp:attachment":[{"href":"https:\/\/bachipedia.freundbild.com\/es\/wp-json\/wp\/v2\/media?parent=4205"}],"curies":[{"name":"wp","href":"https:\/\/api.w.org\/{rel}","templated":true}]}}