{"id":4076,"date":"2026-02-24T11:43:17","date_gmt":"2026-02-24T10:43:17","guid":{"rendered":"https:\/\/bachipedia.freundbild.com\/newsletter\/"},"modified":"2026-04-14T10:58:26","modified_gmt":"2026-04-14T08:58:26","slug":"newsletter","status":"publish","type":"page","link":"https:\/\/bachipedia.freundbild.com\/es\/newsletter\/","title":{"rendered":"Bolet\u00edn"},"content":{"rendered":"","protected":false},"excerpt":{"rendered":"<p>Mant\u00e9ngase informado sobre noticias, conciertos y proyectos de la Fundaci\u00f3n J. S. Bach &#8211; y benef\u00edciese de c\u00f3digos de descuento exclusivos para productos.<\/p>\n","protected":false},"author":2,"featured_media":0,"parent":0,"menu_order":0,"comment_status":"closed","ping_status":"closed","template":"","meta":{"_acf_changed":false,"footnotes":""},"class_list":["post-4076","page","type-page","status-publish","hentry"],"acf":[],"_links":{"self":[{"href":"https:\/\/bachipedia.freundbild.com\/es\/wp-json\/wp\/v2\/pages\/4076","targetHints":{"allow":["GET"]}}],"collection":[{"href":"https:\/\/bachipedia.freundbild.com\/es\/wp-json\/wp\/v2\/pages"}],"about":[{"href":"https:\/\/bachipedia.freundbild.com\/es\/wp-json\/wp\/v2\/types\/page"}],"author":[{"embeddable":true,"href":"https:\/\/bachipedia.freundbild.com\/es\/wp-json\/wp\/v2\/users\/2"}],"replies":[{"embeddable":true,"href":"https:\/\/bachipedia.freundbild.com\/es\/wp-json\/wp\/v2\/comments?post=4076"}],"version-history":[{"count":4,"href":"https:\/\/bachipedia.freundbild.com\/es\/wp-json\/wp\/v2\/pages\/4076\/revisions"}],"predecessor-version":[{"id":4371,"href":"https:\/\/bachipedia.freundbild.com\/es\/wp-json\/wp\/v2\/pages\/4076\/revisions\/4371"}],"wp:attachment":[{"href":"https:\/\/bachipedia.freundbild.com\/es\/wp-json\/wp\/v2\/media?parent=4076"}],"curies":[{"name":"wp","href":"https:\/\/api.w.org\/{rel}","templated":true}]}}